{"id":804,"date":"2017-07-29T07:38:52","date_gmt":"2017-07-29T05:38:52","guid":{"rendered":"http:\/\/www.stukenbrock-senne.de\/?page_id=804"},"modified":"2022-01-17T00:16:17","modified_gmt":"2022-01-16T23:16:17","slug":"ikek-shs","status":"publish","type":"page","link":"https:\/\/www.stukenbrock-senne.de\/wordpress\/?page_id=804","title":{"rendered":"IKEK SHS"},"content":{"rendered":"<p>Erarbeitung eines integrierten kommunalen Entwicklungskonzepts (IKEK) f\u00fcr Schlo\u00df Holte-Stukenbrock (mit den D\u00f6rfern Liemke, Sende und Stukenbrock-Senne) im Jahr 2017<\/p>\n<p><b>Abschlussergebnisse:<\/b> <a href=\"http:\/\/www.schlossholtestukenbrock.de\/fileadmin\/user_upload\/WirtschaftWohnen\/BauenPlanen\/SHS_IKEK_Band1_aktuell.pdf\" target=\"_blank\" rel=\"noopener\"><b>Band 1: Konzept<\/b><\/a> | <a href=\"http:\/\/www.schlossholtestukenbrock.de\/fileadmin\/user_upload\/WirtschaftWohnen\/BauenPlanen\/SHS_IKEK_Band3_aktuell.pdf\" target=\"_blank\" rel=\"noopener\"><b>Band 3: Dokumentation<\/b><\/a><\/p>\n<p><a href=\"https:\/\/www.schlossholtestukenbrock.de\/wirtschaft-wohnen\/planen-bauen\/integriertes-kommunales-entwicklungskonzept-ikek-und-integriertes-staedtebauliches-entwicklungskonzept-isek-zentren-shs\/\" target=\"_blank\" rel=\"noopener\"><b>Informationen auf der Homepage der Stadt<\/b><\/a><\/p>\n<p><b>Sitzung des Stadtrats am 7. November 2017: <\/b><a href=\"https:\/\/schlossholtestukenbrock.ratsinfomanagement.net\/sdnetrim\/UGhVM0hpd2NXNFdFcExjZSG3DavrnqsKaQQ8Z96wNXxrzMdbN_8h6DVqT0lVk2Pa\/Beschlussvorlage_X-240.2017-1.E-5.pdf\" target=\"_blank\" rel=\"noopener\"><b>Vorlage<\/b><\/a> | <a href=\"https:\/\/schlossholtestukenbrock.ratsinfomanagement.net\/sdnetrim\/UGhVM0hpd2NXNFdFcExjZeNJ3j2GSm7yA6UPT3Hmpn1ntgQIsH00Forkqeb7WEgw\/Beschlusstext_X-240.2017-1.E-5_-oeffentlich-_Stadtrat_07.11.2017.pdf\" target=\"_blank\" rel=\"noopener\"><b>Beschluss<\/b><\/a><\/p>\n<p><big>IKEK-Projektvorschl\u00e4ge aus Stukenbrock-Senne<\/big><br \/>\n&#8211; Dorfb\u00fcro als Gemeinschaftseinrichtung und evtl. Tourist-Info<br \/>\n&#8211; Funktionale Weiterentwicklung Freizeit- und Ged\u00e4chtnisbereich J\u00e4gergrund<br \/>\n&#8211; Umgestaltung und Verkehrsberuhigung der Senner Stra\u00dfe<br \/>\n&#8211; Optimierung der \u00d6PNV-Anbindung von Stukenbrock-Senne<br \/>\n&#8211; Multifunktionsfl\u00e4che am sowie Verbindungsweg zum Sportplatz<br \/>\n&#8211; Fahrradfreundliche Umgestaltung von Verbindungswegen<br \/>\n&#8211; Folgenutzung f\u00fcr den Forellkrug als Ortsbild pr\u00e4gendes Geb\u00e4ude<br \/>\n&#8211; Demografischen Wandel abfedern durch neue Baugebiete<br \/>\n&#8211; Naturerlebnis im Furlbachtal st\u00e4rken durch verbesserte Infrastruktur<br \/>\n&#8211; Erg\u00e4nzung des Lehr- und Infoangebots der Ems-Erlebniswelt<br \/>\n&#8211; Hallenspielplatz \/ Anlage f\u00fcr Indoorsport<\/p>\n<p><a href=\"http:\/\/www.stukenbrock-senne.de\/wordpress\/?tag=ikek\"><b>Presseberichte zum IKEK und zur Dorfwerkstatt am 15. M\u00e4rz 2017<\/b><\/a><\/p>\n<p><a href=\"http:\/\/www.schlossholtestukenbrock.de\/fileadmin\/user_upload\/WirtschaftWohnen\/Wirtschaftsfoerderung\/IKEK-Plakat_Stuk-Senne.pdf\" target=\"_blank\" rel=\"noopener\"><img loading=\"lazy\" decoding=\"async\" src=\"http:\/\/www.stukenbrock-senne.de\/wordpress\/wp-content\/uploads\/2017\/07\/dorfwerkstatt_plakat.jpg\" alt=\"\" width=\"349\" height=\"494\" class=\"alignnone size-full wp-image-809\" srcset=\"https:\/\/www.stukenbrock-senne.de\/wordpress\/wp-content\/uploads\/2017\/07\/dorfwerkstatt_plakat.jpg 349w, https:\/\/www.stukenbrock-senne.de\/wordpress\/wp-content\/uploads\/2017\/07\/dorfwerkstatt_plakat-212x300.jpg 212w\" sizes=\"auto, (max-width: 349px) 100vw, 349px\" \/><\/a><\/p>\n","protected":false},"excerpt":{"rendered":"<p>Erarbeitung eines integrierten kommunalen Entwicklungskonzepts (IKEK) f\u00fcr Schlo\u00df Holte-Stukenbrock (mit den D\u00f6rfern Liemke, Sende und Stukenbrock-Senne) im Jahr 2017 Abschlussergebnisse: Band 1: Konzept | Band 3: Dokumentation Informationen auf der &hellip; <a href=\"https:\/\/www.stukenbrock-senne.de\/wordpress\/?page_id=804\" class=\"more-link\"><span class=\"screen-reader-text\">IKEK SHS<\/span> weiterlesen <span class=\"meta-nav\">&rarr;<\/span><\/a><\/p>\n","protected":false},"author":1,"featured_media":0,"parent":67,"menu_order":2,"comment_status":"closed","ping_status":"closed","template":"","meta":{"footnotes":""},"class_list":["post-804","page","type-page","status-publish","hentry"],"yoast_head":"<!-- This site is optimized with the Yoast SEO plugin v27.5 - https:\/\/yoast.com\/product\/yoast-seo-wordpress\/ -->\n<title>IKEK SHS - Stukenbrock-Senne<\/title>\n<meta name=\"robots\" content=\"index, follow, max-snippet:-1, max-image-preview:large, max-video-preview:-1\" \/>\n<link rel=\"canonical\" href=\"https:\/\/www.stukenbrock-senne.de\/wordpress\/?page_id=804\" \/>\n<meta property=\"og:locale\" content=\"de_DE\" \/>\n<meta property=\"og:type\" content=\"article\" \/>\n<meta property=\"og:title\" content=\"IKEK SHS - Stukenbrock-Senne\" \/>\n<meta property=\"og:description\" content=\"Erarbeitung eines integrierten kommunalen Entwicklungskonzepts (IKEK) f\u00fcr Schlo\u00df Holte-Stukenbrock (mit den D\u00f6rfern Liemke, Sende und Stukenbrock-Senne) im Jahr 2017 Abschlussergebnisse: Band 1: Konzept | Band 3: Dokumentation Informationen auf der &hellip; IKEK SHS weiterlesen &rarr;\" \/>\n<meta property=\"og:url\" content=\"https:\/\/www.stukenbrock-senne.de\/wordpress\/?page_id=804\" \/>\n<meta property=\"og:site_name\" content=\"Stukenbrock-Senne\" \/>\n<meta property=\"article:modified_time\" content=\"2022-01-16T23:16:17+00:00\" \/>\n<meta property=\"og:image\" content=\"http:\/\/www.stukenbrock-senne.de\/wordpress\/wp-content\/uploads\/2017\/07\/dorfwerkstatt_plakat.jpg\" \/>\n<meta name=\"twitter:card\" content=\"summary_large_image\" \/>\n<meta name=\"twitter:label1\" content=\"Gesch\u00e4tzte Lesezeit\" \/>\n\t<meta name=\"twitter:data1\" content=\"1\u00a0Minute\" \/>\n<script type=\"application\/ld+json\" class=\"yoast-schema-graph\">{\"@context\":\"https:\\\/\\\/schema.org\",\"@graph\":[{\"@type\":\"WebPage\",\"@id\":\"https:\\\/\\\/www.stukenbrock-senne.de\\\/wordpress\\\/?page_id=804\",\"url\":\"https:\\\/\\\/www.stukenbrock-senne.de\\\/wordpress\\\/?page_id=804\",\"name\":\"IKEK SHS - Stukenbrock-Senne\",\"isPartOf\":{\"@id\":\"https:\\\/\\\/www.stukenbrock-senne.de\\\/wordpress\\\/#website\"},\"primaryImageOfPage\":{\"@id\":\"https:\\\/\\\/www.stukenbrock-senne.de\\\/wordpress\\\/?page_id=804#primaryimage\"},\"image\":{\"@id\":\"https:\\\/\\\/www.stukenbrock-senne.de\\\/wordpress\\\/?page_id=804#primaryimage\"},\"thumbnailUrl\":\"http:\\\/\\\/www.stukenbrock-senne.de\\\/wordpress\\\/wp-content\\\/uploads\\\/2017\\\/07\\\/dorfwerkstatt_plakat.jpg\",\"datePublished\":\"2017-07-29T05:38:52+00:00\",\"dateModified\":\"2022-01-16T23:16:17+00:00\",\"breadcrumb\":{\"@id\":\"https:\\\/\\\/www.stukenbrock-senne.de\\\/wordpress\\\/?page_id=804#breadcrumb\"},\"inLanguage\":\"de\",\"potentialAction\":[{\"@type\":\"ReadAction\",\"target\":[\"https:\\\/\\\/www.stukenbrock-senne.de\\\/wordpress\\\/?page_id=804\"]}]},{\"@type\":\"ImageObject\",\"inLanguage\":\"de\",\"@id\":\"https:\\\/\\\/www.stukenbrock-senne.de\\\/wordpress\\\/?page_id=804#primaryimage\",\"url\":\"https:\\\/\\\/www.stukenbrock-senne.de\\\/wordpress\\\/wp-content\\\/uploads\\\/2017\\\/07\\\/dorfwerkstatt_plakat.jpg\",\"contentUrl\":\"https:\\\/\\\/www.stukenbrock-senne.de\\\/wordpress\\\/wp-content\\\/uploads\\\/2017\\\/07\\\/dorfwerkstatt_plakat.jpg\",\"width\":349,\"height\":494},{\"@type\":\"BreadcrumbList\",\"@id\":\"https:\\\/\\\/www.stukenbrock-senne.de\\\/wordpress\\\/?page_id=804#breadcrumb\",\"itemListElement\":[{\"@type\":\"ListItem\",\"position\":1,\"name\":\"Startseite\",\"item\":\"https:\\\/\\\/www.stukenbrock-senne.de\\\/wordpress\\\/\"},{\"@type\":\"ListItem\",\"position\":2,\"name\":\"Dorfentwicklung\",\"item\":\"https:\\\/\\\/www.stukenbrock-senne.de\\\/wordpress\\\/?page_id=67\"},{\"@type\":\"ListItem\",\"position\":3,\"name\":\"IKEK SHS\"}]},{\"@type\":\"WebSite\",\"@id\":\"https:\\\/\\\/www.stukenbrock-senne.de\\\/wordpress\\\/#website\",\"url\":\"https:\\\/\\\/www.stukenbrock-senne.de\\\/wordpress\\\/\",\"name\":\"Stukenbrock-Senne\",\"description\":\"Naturerlebnis Sennelandschaft und Emsquellen\",\"potentialAction\":[{\"@type\":\"SearchAction\",\"target\":{\"@type\":\"EntryPoint\",\"urlTemplate\":\"https:\\\/\\\/www.stukenbrock-senne.de\\\/wordpress\\\/?s={search_term_string}\"},\"query-input\":{\"@type\":\"PropertyValueSpecification\",\"valueRequired\":true,\"valueName\":\"search_term_string\"}}],\"inLanguage\":\"de\"}]}<\/script>\n<!-- \/ Yoast SEO plugin. -->","yoast_head_json":{"title":"IKEK SHS - Stukenbrock-Senne","robots":{"index":"index","follow":"follow","max-snippet":"max-snippet:-1","max-image-preview":"max-image-preview:large","max-video-preview":"max-video-preview:-1"},"canonical":"https:\/\/www.stukenbrock-senne.de\/wordpress\/?page_id=804","og_locale":"de_DE","og_type":"article","og_title":"IKEK SHS - Stukenbrock-Senne","og_description":"Erarbeitung eines integrierten kommunalen Entwicklungskonzepts (IKEK) f\u00fcr Schlo\u00df Holte-Stukenbrock (mit den D\u00f6rfern Liemke, Sende und Stukenbrock-Senne) im Jahr 2017 Abschlussergebnisse: Band 1: Konzept | Band 3: Dokumentation Informationen auf der &hellip; IKEK SHS weiterlesen &rarr;","og_url":"https:\/\/www.stukenbrock-senne.de\/wordpress\/?page_id=804","og_site_name":"Stukenbrock-Senne","article_modified_time":"2022-01-16T23:16:17+00:00","og_image":[{"url":"http:\/\/www.stukenbrock-senne.de\/wordpress\/wp-content\/uploads\/2017\/07\/dorfwerkstatt_plakat.jpg","type":"","width":"","height":""}],"twitter_card":"summary_large_image","twitter_misc":{"Gesch\u00e4tzte Lesezeit":"1\u00a0Minute"},"schema":{"@context":"https:\/\/schema.org","@graph":[{"@type":"WebPage","@id":"https:\/\/www.stukenbrock-senne.de\/wordpress\/?page_id=804","url":"https:\/\/www.stukenbrock-senne.de\/wordpress\/?page_id=804","name":"IKEK SHS - Stukenbrock-Senne","isPartOf":{"@id":"https:\/\/www.stukenbrock-senne.de\/wordpress\/#website"},"primaryImageOfPage":{"@id":"https:\/\/www.stukenbrock-senne.de\/wordpress\/?page_id=804#primaryimage"},"image":{"@id":"https:\/\/www.stukenbrock-senne.de\/wordpress\/?page_id=804#primaryimage"},"thumbnailUrl":"http:\/\/www.stukenbrock-senne.de\/wordpress\/wp-content\/uploads\/2017\/07\/dorfwerkstatt_plakat.jpg","datePublished":"2017-07-29T05:38:52+00:00","dateModified":"2022-01-16T23:16:17+00:00","breadcrumb":{"@id":"https:\/\/www.stukenbrock-senne.de\/wordpress\/?page_id=804#breadcrumb"},"inLanguage":"de","potentialAction":[{"@type":"ReadAction","target":["https:\/\/www.stukenbrock-senne.de\/wordpress\/?page_id=804"]}]},{"@type":"ImageObject","inLanguage":"de","@id":"https:\/\/www.stukenbrock-senne.de\/wordpress\/?page_id=804#primaryimage","url":"https:\/\/www.stukenbrock-senne.de\/wordpress\/wp-content\/uploads\/2017\/07\/dorfwerkstatt_plakat.jpg","contentUrl":"https:\/\/www.stukenbrock-senne.de\/wordpress\/wp-content\/uploads\/2017\/07\/dorfwerkstatt_plakat.jpg","width":349,"height":494},{"@type":"BreadcrumbList","@id":"https:\/\/www.stukenbrock-senne.de\/wordpress\/?page_id=804#breadcrumb","itemListElement":[{"@type":"ListItem","position":1,"name":"Startseite","item":"https:\/\/www.stukenbrock-senne.de\/wordpress\/"},{"@type":"ListItem","position":2,"name":"Dorfentwicklung","item":"https:\/\/www.stukenbrock-senne.de\/wordpress\/?page_id=67"},{"@type":"ListItem","position":3,"name":"IKEK SHS"}]},{"@type":"WebSite","@id":"https:\/\/www.stukenbrock-senne.de\/wordpress\/#website","url":"https:\/\/www.stukenbrock-senne.de\/wordpress\/","name":"Stukenbrock-Senne","description":"Naturerlebnis Sennelandschaft und Emsquellen","potentialAction":[{"@type":"SearchAction","target":{"@type":"EntryPoint","urlTemplate":"https:\/\/www.stukenbrock-senne.de\/wordpress\/?s={search_term_string}"},"query-input":{"@type":"PropertyValueSpecification","valueRequired":true,"valueName":"search_term_string"}}],"inLanguage":"de"}]}},"_links":{"self":[{"href":"https:\/\/www.stukenbrock-senne.de\/wordpress\/index.php?rest_route=\/wp\/v2\/pages\/804","targetHints":{"allow":["GET"]}}],"collection":[{"href":"https:\/\/www.stukenbrock-senne.de\/wordpress\/index.php?rest_route=\/wp\/v2\/pages"}],"about":[{"href":"https:\/\/www.stukenbrock-senne.de\/wordpress\/index.php?rest_route=\/wp\/v2\/types\/page"}],"author":[{"embeddable":true,"href":"https:\/\/www.stukenbrock-senne.de\/wordpress\/index.php?rest_route=\/wp\/v2\/users\/1"}],"replies":[{"embeddable":true,"href":"https:\/\/www.stukenbrock-senne.de\/wordpress\/index.php?rest_route=%2Fwp%2Fv2%2Fcomments&post=804"}],"version-history":[{"count":27,"href":"https:\/\/www.stukenbrock-senne.de\/wordpress\/index.php?rest_route=\/wp\/v2\/pages\/804\/revisions"}],"predecessor-version":[{"id":5028,"href":"https:\/\/www.stukenbrock-senne.de\/wordpress\/index.php?rest_route=\/wp\/v2\/pages\/804\/revisions\/5028"}],"up":[{"embeddable":true,"href":"https:\/\/www.stukenbrock-senne.de\/wordpress\/index.php?rest_route=\/wp\/v2\/pages\/67"}],"wp:attachment":[{"href":"https:\/\/www.stukenbrock-senne.de\/wordpress\/index.php?rest_route=%2Fwp%2Fv2%2Fmedia&parent=804"}],"curies":[{"name":"wp","href":"https:\/\/api.w.org\/{rel}","templated":true}]}}