{"id":743,"date":"2017-07-27T11:10:43","date_gmt":"2017-07-27T09:10:43","guid":{"rendered":"http:\/\/www.stukenbrock-senne.de\/?page_id=743"},"modified":"2017-11-22T00:30:23","modified_gmt":"2017-11-21T22:30:23","slug":"kreiswettbewerb-2017","status":"publish","type":"page","link":"https:\/\/www.stukenbrock-senne.de\/wordpress\/?page_id=743","title":{"rendered":"Kreiswettbewerb 2017"},"content":{"rendered":"<p><b>Teilnahme am Kreiswettbewerb &#8222;Unser Dorf hat Zukunft&#8220; im Jahr 2017<\/b><\/p>\n<p><a href=\"http:\/\/www.stukenbrock-senne.de\/wordpress\/wp-content\/uploads\/2017\/09\/mappe2017.pdf\" target=\"_blank\"><img decoding=\"async\" src=\"http:\/\/www.stukenbrock-senne.de\/wordpress\/wp-content\/uploads\/2017\/09\/titel2017.jpg\" alt=\"\" \/><\/a><\/p>\n<ul>\n<li><a href=\"http:\/\/www.stukenbrock-senne.de\/wordpress\/wp-content\/uploads\/2017\/09\/mappe2017.pdf\" target=\"_blank\"><b>Pr\u00e4sentationsmappe 2017<\/b><\/a><\/li>\n<li><a href=\"http:\/\/www.stukenbrock-senne.de\/wordpress\/wp-content\/uploads\/2017\/10\/bericht2017.pdf\" target=\"_blank\"><b>Abschlussbericht 2017 Stukenbrock-Senne<\/b> &#8211; <a href=\"http:\/\/www.stukenbrock-senne.de\/wordpress\/wp-content\/uploads\/2017\/11\/bericht_2017.pdf\" target=\"_blank\"><b>Abschlussbericht 2017 komplett<\/b><\/li>\n<li><a href=\"http:\/\/www.stukenbrock-senne.de\/?tag=kreiswettbewerb-2017\"><b>Presseberichte zum Kreiswettbewerb 2017<\/b><\/a><\/li>\n<\/ul>\n<p><b><big><br \/>&#8222;F\u00fcr unser Dorf &#8211; f\u00fcr unsere Kinder &#8211; f\u00fcr unsere Zukunft&#8220;<\/big><\/b><\/p>\n<p>Besuch der Bewertungskommission am Dienstag, 12. September 2017<br \/>\nBeginn um 11:30 Uhr an der Ems-Erlebniswelt, weitere Stationen: Dirt-Bahn am J\u00e4gergrund und Sch\u00fctzenhaus am Furlbach, Abreise der Kommission: 13:00 Uhr<br \/>\nAlle Senner B\u00fcrgerinnen und B\u00fcrger sowie weitere Interessierte sind herzlich zur Teilnahme eingeladen.<\/p>\n<p><b>Sukenbrock-Senne beteiligt sich in diesem Jahr erneut am Kreiswettbewerb \u201eUnser Dorf hat Zukunft\u201c<\/b><\/p>\n<p>Alle drei Jahre wird vom Land Nordrhein-Westfalen der Wettbewerb &#8222;Unser Dorf hat Zukunft&#8220; auf Landkreisebene ausgeschrieben und so m\u00f6chten wir auch in diesem Jahr wieder teilnehmen. Am Dienstag, 12. September 2017, wird die Bewertungskommission des Kreises G\u00fctersloh uns in der Senne von 11.30 bis 13.00 Uhr besuchen.<\/p>\n<p>Die diesj\u00e4hrige Teilnahme steht unter dem Motto \u201eF\u00fcr unser Dorf \u2013 f\u00fcr unsere Kinder \u2013 f\u00fcr unsere Zukunft\u201c und hierzu m\u00f6chten wir ALLE zur aktiven Teilnahme einladen. Eine ganz besondere Einladung geht an alle jungen Familien mit ihren Kindern vom Babyalter an \u2013 ihr seid ja unsere Zukunft&#8230;<\/p>\n<p>Treffpunkt ist um 11:15 Uhr an der Ems-Erlebniswelt. Wer erst sp\u00e4ter dazukommen kann, ist ab 11:45 Uhr auf dem Spielplatz am J\u00e4gergrund und ab 12:15 Uhr im Sch\u00fctzenhaus am Furlbach herzlich willkommen.<\/p>\n<p>Bei allen Pr\u00e4sentationen war die Beteiligung aller B\u00fcrgerinnen und B\u00fcrger und der Vereine aus unserer Senne ausschlaggebend f\u00fcr den Erfolg. Dieses Engagement w\u00fcnschen wir uns auch f\u00fcr dieses Jahr &#8211; lebendiges Ortsleben soll Eindruck hinterlassen.<\/p>\n<p>Uns erwartet ein spannender und erlebnisreicher Tag.<br \/>\nEuer Dorfgemeinschaftsverein<br \/>\nUnser Dorf Stukenbrock-Senne e.V.<\/p>\n<p><img decoding=\"async\" src=\"http:\/\/dorfwettbewerb.de\/grafik\/logodw-gif.gif\" alt=\"\" \/><\/p>\n","protected":false},"excerpt":{"rendered":"<p>Teilnahme am Kreiswettbewerb &#8222;Unser Dorf hat Zukunft&#8220; im Jahr 2017 Pr\u00e4sentationsmappe 2017 Abschlussbericht 2017 Stukenbrock-Senne &#8211; Abschlussbericht 2017 komplett Presseberichte zum Kreiswettbewerb 2017 &#8222;F\u00fcr unser Dorf &#8211; f\u00fcr unsere Kinder &hellip; <a href=\"https:\/\/www.stukenbrock-senne.de\/wordpress\/?page_id=743\" class=\"more-link\"><span class=\"screen-reader-text\">Kreiswettbewerb 2017<\/span> weiterlesen <span class=\"meta-nav\">&rarr;<\/span><\/a><\/p>\n","protected":false},"author":1,"featured_media":0,"parent":67,"menu_order":4,"comment_status":"closed","ping_status":"closed","template":"","meta":{"footnotes":""},"class_list":["post-743","page","type-page","status-publish","hentry"],"yoast_head":"<!-- This site is optimized with the Yoast SEO plugin v27.5 - https:\/\/yoast.com\/product\/yoast-seo-wordpress\/ -->\n<title>Kreiswettbewerb 2017 - Stukenbrock-Senne<\/title>\n<meta name=\"robots\" content=\"index, follow, max-snippet:-1, max-image-preview:large, max-video-preview:-1\" \/>\n<link rel=\"canonical\" href=\"https:\/\/www.stukenbrock-senne.de\/wordpress\/?page_id=743\" \/>\n<meta property=\"og:locale\" content=\"de_DE\" \/>\n<meta property=\"og:type\" content=\"article\" \/>\n<meta property=\"og:title\" content=\"Kreiswettbewerb 2017 - Stukenbrock-Senne\" \/>\n<meta property=\"og:description\" content=\"Teilnahme am Kreiswettbewerb &#8222;Unser Dorf hat Zukunft&#8220; im Jahr 2017 Pr\u00e4sentationsmappe 2017 Abschlussbericht 2017 Stukenbrock-Senne &#8211; Abschlussbericht 2017 komplett Presseberichte zum Kreiswettbewerb 2017 &#8222;F\u00fcr unser Dorf &#8211; f\u00fcr unsere Kinder &hellip; Kreiswettbewerb 2017 weiterlesen &rarr;\" \/>\n<meta property=\"og:url\" content=\"https:\/\/www.stukenbrock-senne.de\/wordpress\/?page_id=743\" \/>\n<meta property=\"og:site_name\" content=\"Stukenbrock-Senne\" \/>\n<meta property=\"article:modified_time\" content=\"2017-11-21T22:30:23+00:00\" \/>\n<meta property=\"og:image\" content=\"http:\/\/www.stukenbrock-senne.de\/wordpress\/wp-content\/uploads\/2017\/09\/titel2017.jpg\" \/>\n<meta name=\"twitter:card\" content=\"summary_large_image\" \/>\n<meta name=\"twitter:label1\" content=\"Gesch\u00e4tzte Lesezeit\" \/>\n\t<meta name=\"twitter:data1\" content=\"1\u00a0Minute\" \/>\n<script type=\"application\/ld+json\" class=\"yoast-schema-graph\">{\"@context\":\"https:\\\/\\\/schema.org\",\"@graph\":[{\"@type\":\"WebPage\",\"@id\":\"https:\\\/\\\/www.stukenbrock-senne.de\\\/wordpress\\\/?page_id=743\",\"url\":\"https:\\\/\\\/www.stukenbrock-senne.de\\\/wordpress\\\/?page_id=743\",\"name\":\"Kreiswettbewerb 2017 - Stukenbrock-Senne\",\"isPartOf\":{\"@id\":\"https:\\\/\\\/www.stukenbrock-senne.de\\\/wordpress\\\/#website\"},\"primaryImageOfPage\":{\"@id\":\"https:\\\/\\\/www.stukenbrock-senne.de\\\/wordpress\\\/?page_id=743#primaryimage\"},\"image\":{\"@id\":\"https:\\\/\\\/www.stukenbrock-senne.de\\\/wordpress\\\/?page_id=743#primaryimage\"},\"thumbnailUrl\":\"http:\\\/\\\/www.stukenbrock-senne.de\\\/wordpress\\\/wp-content\\\/uploads\\\/2017\\\/09\\\/titel2017.jpg\",\"datePublished\":\"2017-07-27T09:10:43+00:00\",\"dateModified\":\"2017-11-21T22:30:23+00:00\",\"breadcrumb\":{\"@id\":\"https:\\\/\\\/www.stukenbrock-senne.de\\\/wordpress\\\/?page_id=743#breadcrumb\"},\"inLanguage\":\"de\",\"potentialAction\":[{\"@type\":\"ReadAction\",\"target\":[\"https:\\\/\\\/www.stukenbrock-senne.de\\\/wordpress\\\/?page_id=743\"]}]},{\"@type\":\"ImageObject\",\"inLanguage\":\"de\",\"@id\":\"https:\\\/\\\/www.stukenbrock-senne.de\\\/wordpress\\\/?page_id=743#primaryimage\",\"url\":\"https:\\\/\\\/www.stukenbrock-senne.de\\\/wordpress\\\/wp-content\\\/uploads\\\/2017\\\/09\\\/titel2017.jpg\",\"contentUrl\":\"https:\\\/\\\/www.stukenbrock-senne.de\\\/wordpress\\\/wp-content\\\/uploads\\\/2017\\\/09\\\/titel2017.jpg\",\"width\":909,\"height\":803},{\"@type\":\"BreadcrumbList\",\"@id\":\"https:\\\/\\\/www.stukenbrock-senne.de\\\/wordpress\\\/?page_id=743#breadcrumb\",\"itemListElement\":[{\"@type\":\"ListItem\",\"position\":1,\"name\":\"Startseite\",\"item\":\"https:\\\/\\\/www.stukenbrock-senne.de\\\/wordpress\\\/\"},{\"@type\":\"ListItem\",\"position\":2,\"name\":\"Dorfentwicklung\",\"item\":\"https:\\\/\\\/www.stukenbrock-senne.de\\\/wordpress\\\/?page_id=67\"},{\"@type\":\"ListItem\",\"position\":3,\"name\":\"Kreiswettbewerb 2017\"}]},{\"@type\":\"WebSite\",\"@id\":\"https:\\\/\\\/www.stukenbrock-senne.de\\\/wordpress\\\/#website\",\"url\":\"https:\\\/\\\/www.stukenbrock-senne.de\\\/wordpress\\\/\",\"name\":\"Stukenbrock-Senne\",\"description\":\"Naturerlebnis Sennelandschaft und Emsquellen\",\"potentialAction\":[{\"@type\":\"SearchAction\",\"target\":{\"@type\":\"EntryPoint\",\"urlTemplate\":\"https:\\\/\\\/www.stukenbrock-senne.de\\\/wordpress\\\/?s={search_term_string}\"},\"query-input\":{\"@type\":\"PropertyValueSpecification\",\"valueRequired\":true,\"valueName\":\"search_term_string\"}}],\"inLanguage\":\"de\"}]}<\/script>\n<!-- \/ Yoast SEO plugin. -->","yoast_head_json":{"title":"Kreiswettbewerb 2017 - Stukenbrock-Senne","robots":{"index":"index","follow":"follow","max-snippet":"max-snippet:-1","max-image-preview":"max-image-preview:large","max-video-preview":"max-video-preview:-1"},"canonical":"https:\/\/www.stukenbrock-senne.de\/wordpress\/?page_id=743","og_locale":"de_DE","og_type":"article","og_title":"Kreiswettbewerb 2017 - Stukenbrock-Senne","og_description":"Teilnahme am Kreiswettbewerb &#8222;Unser Dorf hat Zukunft&#8220; im Jahr 2017 Pr\u00e4sentationsmappe 2017 Abschlussbericht 2017 Stukenbrock-Senne &#8211; Abschlussbericht 2017 komplett Presseberichte zum Kreiswettbewerb 2017 &#8222;F\u00fcr unser Dorf &#8211; f\u00fcr unsere Kinder &hellip; Kreiswettbewerb 2017 weiterlesen &rarr;","og_url":"https:\/\/www.stukenbrock-senne.de\/wordpress\/?page_id=743","og_site_name":"Stukenbrock-Senne","article_modified_time":"2017-11-21T22:30:23+00:00","og_image":[{"url":"http:\/\/www.stukenbrock-senne.de\/wordpress\/wp-content\/uploads\/2017\/09\/titel2017.jpg","type":"","width":"","height":""}],"twitter_card":"summary_large_image","twitter_misc":{"Gesch\u00e4tzte Lesezeit":"1\u00a0Minute"},"schema":{"@context":"https:\/\/schema.org","@graph":[{"@type":"WebPage","@id":"https:\/\/www.stukenbrock-senne.de\/wordpress\/?page_id=743","url":"https:\/\/www.stukenbrock-senne.de\/wordpress\/?page_id=743","name":"Kreiswettbewerb 2017 - Stukenbrock-Senne","isPartOf":{"@id":"https:\/\/www.stukenbrock-senne.de\/wordpress\/#website"},"primaryImageOfPage":{"@id":"https:\/\/www.stukenbrock-senne.de\/wordpress\/?page_id=743#primaryimage"},"image":{"@id":"https:\/\/www.stukenbrock-senne.de\/wordpress\/?page_id=743#primaryimage"},"thumbnailUrl":"http:\/\/www.stukenbrock-senne.de\/wordpress\/wp-content\/uploads\/2017\/09\/titel2017.jpg","datePublished":"2017-07-27T09:10:43+00:00","dateModified":"2017-11-21T22:30:23+00:00","breadcrumb":{"@id":"https:\/\/www.stukenbrock-senne.de\/wordpress\/?page_id=743#breadcrumb"},"inLanguage":"de","potentialAction":[{"@type":"ReadAction","target":["https:\/\/www.stukenbrock-senne.de\/wordpress\/?page_id=743"]}]},{"@type":"ImageObject","inLanguage":"de","@id":"https:\/\/www.stukenbrock-senne.de\/wordpress\/?page_id=743#primaryimage","url":"https:\/\/www.stukenbrock-senne.de\/wordpress\/wp-content\/uploads\/2017\/09\/titel2017.jpg","contentUrl":"https:\/\/www.stukenbrock-senne.de\/wordpress\/wp-content\/uploads\/2017\/09\/titel2017.jpg","width":909,"height":803},{"@type":"BreadcrumbList","@id":"https:\/\/www.stukenbrock-senne.de\/wordpress\/?page_id=743#breadcrumb","itemListElement":[{"@type":"ListItem","position":1,"name":"Startseite","item":"https:\/\/www.stukenbrock-senne.de\/wordpress\/"},{"@type":"ListItem","position":2,"name":"Dorfentwicklung","item":"https:\/\/www.stukenbrock-senne.de\/wordpress\/?page_id=67"},{"@type":"ListItem","position":3,"name":"Kreiswettbewerb 2017"}]},{"@type":"WebSite","@id":"https:\/\/www.stukenbrock-senne.de\/wordpress\/#website","url":"https:\/\/www.stukenbrock-senne.de\/wordpress\/","name":"Stukenbrock-Senne","description":"Naturerlebnis Sennelandschaft und Emsquellen","potentialAction":[{"@type":"SearchAction","target":{"@type":"EntryPoint","urlTemplate":"https:\/\/www.stukenbrock-senne.de\/wordpress\/?s={search_term_string}"},"query-input":{"@type":"PropertyValueSpecification","valueRequired":true,"valueName":"search_term_string"}}],"inLanguage":"de"}]}},"_links":{"self":[{"href":"https:\/\/www.stukenbrock-senne.de\/wordpress\/index.php?rest_route=\/wp\/v2\/pages\/743","targetHints":{"allow":["GET"]}}],"collection":[{"href":"https:\/\/www.stukenbrock-senne.de\/wordpress\/index.php?rest_route=\/wp\/v2\/pages"}],"about":[{"href":"https:\/\/www.stukenbrock-senne.de\/wordpress\/index.php?rest_route=\/wp\/v2\/types\/page"}],"author":[{"embeddable":true,"href":"https:\/\/www.stukenbrock-senne.de\/wordpress\/index.php?rest_route=\/wp\/v2\/users\/1"}],"replies":[{"embeddable":true,"href":"https:\/\/www.stukenbrock-senne.de\/wordpress\/index.php?rest_route=%2Fwp%2Fv2%2Fcomments&post=743"}],"version-history":[{"count":27,"href":"https:\/\/www.stukenbrock-senne.de\/wordpress\/index.php?rest_route=\/wp\/v2\/pages\/743\/revisions"}],"predecessor-version":[{"id":1262,"href":"https:\/\/www.stukenbrock-senne.de\/wordpress\/index.php?rest_route=\/wp\/v2\/pages\/743\/revisions\/1262"}],"up":[{"embeddable":true,"href":"https:\/\/www.stukenbrock-senne.de\/wordpress\/index.php?rest_route=\/wp\/v2\/pages\/67"}],"wp:attachment":[{"href":"https:\/\/www.stukenbrock-senne.de\/wordpress\/index.php?rest_route=%2Fwp%2Fv2%2Fmedia&parent=743"}],"curies":[{"name":"wp","href":"https:\/\/api.w.org\/{rel}","templated":true}]}}