{"id":4449,"date":"2021-04-26T22:13:44","date_gmt":"2021-04-26T21:13:44","guid":{"rendered":"http:\/\/www.stukenbrock-senne.de\/?page_id=4449"},"modified":"2021-04-26T22:59:15","modified_gmt":"2021-04-26T21:59:15","slug":"film-trailer","status":"publish","type":"page","link":"https:\/\/www.stukenbrock-senne.de\/wordpress\/?page_id=4449","title":{"rendered":"Trailer zum Film"},"content":{"rendered":"<div style=\"padding:56.25% 0 0 0;position:relative;\"><iframe src=\"https:\/\/player.vimeo.com\/video\/541011392?badge=0&amp;autopause=0&amp;player_id=0&amp;app_id=58479\" frameborder=\"0\" allow=\"autoplay; fullscreen; picture-in-picture\" allowfullscreen style=\"position:absolute;top:0;left:0;width:100%;height:100%;\" title=\"Trailer - Stukenbrock-Senne, eine spannende Zeitreise durch unsere Geschichte\"><\/iframe><\/div>\n<p><script src=\"https:\/\/player.vimeo.com\/api\/player.js\"><\/script><\/p>\n<p>Zeitzeugen aus Stukenbrock-Senne berichten aus der wechselhaften Geschichte unseres Dorfes, beginnend mit den 1930er Jahren bis hinein in die Gegenwart. Eine Zeit, gepr\u00e4gt durch st\u00e4ndiges Hoffen und Bangen um eine m\u00f6gliche Zukunft unter dem Einfluss der gro\u00dfen Weltpolitik.<\/p>\n<p>In dieser ca. 20 min\u00fctigen Dokumentation m\u00f6chten wir euch mitnehmen durch die geschichtliche Entwicklung unseres Dorfes Stukenbrock-Senne und die Gr\u00fcnde aufzeigen, warum der heute so lebendige Stadtteil in seiner Existenz mehrfach gef\u00e4hrdet war.<\/p>\n<p>\u00dcber mehrere Monate haben wir Material zur Zeitgeschichte zusammengetragen und bewegende Interviews gef\u00fchrt, mit dem Ergebnis eines bisher einzigartigen Films \u00fcber unsere Heimat Stukenbrock-Senne.<\/p>\n<p><b>Produktion:<br \/>\nUnser Dorf Stukenbrock-Senne e.V. (Projektgruppe Kulturhistorie)<\/b><br \/>\nin Zusammenarbeit mit <b>Marwin Gansauge (info@marwingansauge.de)<\/b><\/p>\n<p><body style=\"background-image:url(https:\/\/www.stukenbrock-senne.de\/wordpress\/wp-content\/uploads\/2021\/04\/film_hintergrund.jpg)\"><\/p>\n","protected":false},"excerpt":{"rendered":"<p>Zeitzeugen aus Stukenbrock-Senne berichten aus der wechselhaften Geschichte unseres Dorfes, beginnend mit den 1930er Jahren bis hinein in die Gegenwart. Eine Zeit, gepr\u00e4gt durch st\u00e4ndiges Hoffen und Bangen um eine &hellip; <a href=\"https:\/\/www.stukenbrock-senne.de\/wordpress\/?page_id=4449\" class=\"more-link\"><span class=\"screen-reader-text\">Trailer zum Film<\/span> weiterlesen <span class=\"meta-nav\">&rarr;<\/span><\/a><\/p>\n","protected":false},"author":1,"featured_media":0,"parent":64,"menu_order":0,"comment_status":"closed","ping_status":"closed","template":"","meta":{"footnotes":""},"class_list":["post-4449","page","type-page","status-publish","hentry"],"yoast_head":"<!-- This site is optimized with the Yoast SEO plugin v27.5 - https:\/\/yoast.com\/product\/yoast-seo-wordpress\/ -->\n<title>Trailer zum Film - Stukenbrock-Senne<\/title>\n<meta name=\"robots\" content=\"index, follow, max-snippet:-1, max-image-preview:large, max-video-preview:-1\" \/>\n<link rel=\"canonical\" href=\"https:\/\/www.stukenbrock-senne.de\/wordpress\/?page_id=4449\" \/>\n<meta property=\"og:locale\" content=\"de_DE\" \/>\n<meta property=\"og:type\" content=\"article\" \/>\n<meta property=\"og:title\" content=\"Trailer zum Film - Stukenbrock-Senne\" \/>\n<meta property=\"og:description\" content=\"Zeitzeugen aus Stukenbrock-Senne berichten aus der wechselhaften Geschichte unseres Dorfes, beginnend mit den 1930er Jahren bis hinein in die Gegenwart. Eine Zeit, gepr\u00e4gt durch st\u00e4ndiges Hoffen und Bangen um eine &hellip; Trailer zum Film weiterlesen &rarr;\" \/>\n<meta property=\"og:url\" content=\"https:\/\/www.stukenbrock-senne.de\/wordpress\/?page_id=4449\" \/>\n<meta property=\"og:site_name\" content=\"Stukenbrock-Senne\" \/>\n<meta property=\"article:modified_time\" content=\"2021-04-26T21:59:15+00:00\" \/>\n<meta name=\"twitter:card\" content=\"summary_large_image\" \/>\n<meta name=\"twitter:label1\" content=\"Gesch\u00e4tzte Lesezeit\" \/>\n\t<meta name=\"twitter:data1\" content=\"1\u00a0Minute\" \/>\n<script type=\"application\/ld+json\" class=\"yoast-schema-graph\">{\"@context\":\"https:\\\/\\\/schema.org\",\"@graph\":[{\"@type\":\"WebPage\",\"@id\":\"https:\\\/\\\/www.stukenbrock-senne.de\\\/wordpress\\\/?page_id=4449\",\"url\":\"https:\\\/\\\/www.stukenbrock-senne.de\\\/wordpress\\\/?page_id=4449\",\"name\":\"Trailer zum Film - Stukenbrock-Senne\",\"isPartOf\":{\"@id\":\"https:\\\/\\\/www.stukenbrock-senne.de\\\/wordpress\\\/#website\"},\"datePublished\":\"2021-04-26T21:13:44+00:00\",\"dateModified\":\"2021-04-26T21:59:15+00:00\",\"breadcrumb\":{\"@id\":\"https:\\\/\\\/www.stukenbrock-senne.de\\\/wordpress\\\/?page_id=4449#breadcrumb\"},\"inLanguage\":\"de\",\"potentialAction\":[{\"@type\":\"ReadAction\",\"target\":[\"https:\\\/\\\/www.stukenbrock-senne.de\\\/wordpress\\\/?page_id=4449\"]}]},{\"@type\":\"BreadcrumbList\",\"@id\":\"https:\\\/\\\/www.stukenbrock-senne.de\\\/wordpress\\\/?page_id=4449#breadcrumb\",\"itemListElement\":[{\"@type\":\"ListItem\",\"position\":1,\"name\":\"Startseite\",\"item\":\"https:\\\/\\\/www.stukenbrock-senne.de\\\/wordpress\\\/\"},{\"@type\":\"ListItem\",\"position\":2,\"name\":\"Historie\",\"item\":\"https:\\\/\\\/www.stukenbrock-senne.de\\\/wordpress\\\/?page_id=64\"},{\"@type\":\"ListItem\",\"position\":3,\"name\":\"Trailer zum Film\"}]},{\"@type\":\"WebSite\",\"@id\":\"https:\\\/\\\/www.stukenbrock-senne.de\\\/wordpress\\\/#website\",\"url\":\"https:\\\/\\\/www.stukenbrock-senne.de\\\/wordpress\\\/\",\"name\":\"Stukenbrock-Senne\",\"description\":\"Naturerlebnis Sennelandschaft und Emsquellen\",\"potentialAction\":[{\"@type\":\"SearchAction\",\"target\":{\"@type\":\"EntryPoint\",\"urlTemplate\":\"https:\\\/\\\/www.stukenbrock-senne.de\\\/wordpress\\\/?s={search_term_string}\"},\"query-input\":{\"@type\":\"PropertyValueSpecification\",\"valueRequired\":true,\"valueName\":\"search_term_string\"}}],\"inLanguage\":\"de\"}]}<\/script>\n<!-- \/ Yoast SEO plugin. -->","yoast_head_json":{"title":"Trailer zum Film - Stukenbrock-Senne","robots":{"index":"index","follow":"follow","max-snippet":"max-snippet:-1","max-image-preview":"max-image-preview:large","max-video-preview":"max-video-preview:-1"},"canonical":"https:\/\/www.stukenbrock-senne.de\/wordpress\/?page_id=4449","og_locale":"de_DE","og_type":"article","og_title":"Trailer zum Film - Stukenbrock-Senne","og_description":"Zeitzeugen aus Stukenbrock-Senne berichten aus der wechselhaften Geschichte unseres Dorfes, beginnend mit den 1930er Jahren bis hinein in die Gegenwart. Eine Zeit, gepr\u00e4gt durch st\u00e4ndiges Hoffen und Bangen um eine &hellip; Trailer zum Film weiterlesen &rarr;","og_url":"https:\/\/www.stukenbrock-senne.de\/wordpress\/?page_id=4449","og_site_name":"Stukenbrock-Senne","article_modified_time":"2021-04-26T21:59:15+00:00","twitter_card":"summary_large_image","twitter_misc":{"Gesch\u00e4tzte Lesezeit":"1\u00a0Minute"},"schema":{"@context":"https:\/\/schema.org","@graph":[{"@type":"WebPage","@id":"https:\/\/www.stukenbrock-senne.de\/wordpress\/?page_id=4449","url":"https:\/\/www.stukenbrock-senne.de\/wordpress\/?page_id=4449","name":"Trailer zum Film - Stukenbrock-Senne","isPartOf":{"@id":"https:\/\/www.stukenbrock-senne.de\/wordpress\/#website"},"datePublished":"2021-04-26T21:13:44+00:00","dateModified":"2021-04-26T21:59:15+00:00","breadcrumb":{"@id":"https:\/\/www.stukenbrock-senne.de\/wordpress\/?page_id=4449#breadcrumb"},"inLanguage":"de","potentialAction":[{"@type":"ReadAction","target":["https:\/\/www.stukenbrock-senne.de\/wordpress\/?page_id=4449"]}]},{"@type":"BreadcrumbList","@id":"https:\/\/www.stukenbrock-senne.de\/wordpress\/?page_id=4449#breadcrumb","itemListElement":[{"@type":"ListItem","position":1,"name":"Startseite","item":"https:\/\/www.stukenbrock-senne.de\/wordpress\/"},{"@type":"ListItem","position":2,"name":"Historie","item":"https:\/\/www.stukenbrock-senne.de\/wordpress\/?page_id=64"},{"@type":"ListItem","position":3,"name":"Trailer zum Film"}]},{"@type":"WebSite","@id":"https:\/\/www.stukenbrock-senne.de\/wordpress\/#website","url":"https:\/\/www.stukenbrock-senne.de\/wordpress\/","name":"Stukenbrock-Senne","description":"Naturerlebnis Sennelandschaft und Emsquellen","potentialAction":[{"@type":"SearchAction","target":{"@type":"EntryPoint","urlTemplate":"https:\/\/www.stukenbrock-senne.de\/wordpress\/?s={search_term_string}"},"query-input":{"@type":"PropertyValueSpecification","valueRequired":true,"valueName":"search_term_string"}}],"inLanguage":"de"}]}},"_links":{"self":[{"href":"https:\/\/www.stukenbrock-senne.de\/wordpress\/index.php?rest_route=\/wp\/v2\/pages\/4449","targetHints":{"allow":["GET"]}}],"collection":[{"href":"https:\/\/www.stukenbrock-senne.de\/wordpress\/index.php?rest_route=\/wp\/v2\/pages"}],"about":[{"href":"https:\/\/www.stukenbrock-senne.de\/wordpress\/index.php?rest_route=\/wp\/v2\/types\/page"}],"author":[{"embeddable":true,"href":"https:\/\/www.stukenbrock-senne.de\/wordpress\/index.php?rest_route=\/wp\/v2\/users\/1"}],"replies":[{"embeddable":true,"href":"https:\/\/www.stukenbrock-senne.de\/wordpress\/index.php?rest_route=%2Fwp%2Fv2%2Fcomments&post=4449"}],"version-history":[{"count":21,"href":"https:\/\/www.stukenbrock-senne.de\/wordpress\/index.php?rest_route=\/wp\/v2\/pages\/4449\/revisions"}],"predecessor-version":[{"id":4472,"href":"https:\/\/www.stukenbrock-senne.de\/wordpress\/index.php?rest_route=\/wp\/v2\/pages\/4449\/revisions\/4472"}],"up":[{"embeddable":true,"href":"https:\/\/www.stukenbrock-senne.de\/wordpress\/index.php?rest_route=\/wp\/v2\/pages\/64"}],"wp:attachment":[{"href":"https:\/\/www.stukenbrock-senne.de\/wordpress\/index.php?rest_route=%2Fwp%2Fv2%2Fmedia&parent=4449"}],"curies":[{"name":"wp","href":"https:\/\/api.w.org\/{rel}","templated":true}]}}