{"id":4109,"date":"2020-12-12T07:12:22","date_gmt":"2020-12-12T06:12:22","guid":{"rendered":"http:\/\/www.stukenbrock-senne.de\/?page_id=4109"},"modified":"2026-04-02T23:54:08","modified_gmt":"2026-04-02T21:54:08","slug":"senner-lesequelle","status":"publish","type":"page","link":"https:\/\/www.stukenbrock-senne.de\/wordpress\/?page_id=4109","title":{"rendered":"Senner Lesequelle"},"content":{"rendered":"<p>Im Pfarrheim an der St. Achatius-Kirche k\u00f6nnen in der \u00f6ffentlichen B\u00fccherei &#8222;Senner Lesequelle&#8220; Spiele und aktuelle B\u00fccher f\u00fcr Gro\u00df und Klein kostenlos ausgeliehen werden.<\/p>\n<p>Informationen zur B\u00fccherei und zum Medienbestand sowie zu den \u00d6ffnungszeiten sind immer aktuell \u00fcber die Homepage <a href=\"http:\/\/www.buecherei-senner-lesequelle.de\" target=\"_blank\" rel=\"noopener\"><b>www.buecherei-senner-lesequelle.de<\/b><\/a> oder \u00fcber die Smartphone-App \u201eBibkat\u201c abrufbar. Hier\u00fcber k\u00f6nnen auch Nachrichten und Mitteilungen an das B\u00fcchereiteam versendet werden.<\/p>\n<p><img decoding=\"async\" src=\"https:\/\/www.stukenbrock-senne.de\/wordpress\/wp-content\/uploads\/2026\/04\/hitskids26q2.jpg\" width=100%><\/p>\n<p><a href=\"https:\/\/www.stukenbrock-senne.de\/wordpress\/wp-content\/uploads\/2022\/04\/leseratten.jpg\" target=\"_blank\" rel=\"noopener\"><img decoding=\"async\" src=\"https:\/\/www.stukenbrock-senne.de\/wordpress\/wp-content\/uploads\/2022\/04\/leseratten.jpg\"><\/a><\/p>\n<p><body style=\"background-image:url(https:\/\/www.stukenbrock-senne.de\/wordpress\/wp-content\/uploads\/2022\/05\/buecherei-scaled.jpg)\"><\/p>\n","protected":false},"excerpt":{"rendered":"<p>Im Pfarrheim an der St. Achatius-Kirche k\u00f6nnen in der \u00f6ffentlichen B\u00fccherei &#8222;Senner Lesequelle&#8220; Spiele und aktuelle B\u00fccher f\u00fcr Gro\u00df und Klein kostenlos ausgeliehen werden. Informationen zur B\u00fccherei und zum Medienbestand &hellip; <a href=\"https:\/\/www.stukenbrock-senne.de\/wordpress\/?page_id=4109\" class=\"more-link\"><span class=\"screen-reader-text\">Senner Lesequelle<\/span> weiterlesen <span class=\"meta-nav\">&rarr;<\/span><\/a><\/p>\n","protected":false},"author":1,"featured_media":0,"parent":46,"menu_order":0,"comment_status":"closed","ping_status":"closed","template":"","meta":{"footnotes":""},"class_list":["post-4109","page","type-page","status-publish","hentry"],"yoast_head":"<!-- This site is optimized with the Yoast SEO plugin v27.5 - https:\/\/yoast.com\/product\/yoast-seo-wordpress\/ -->\n<title>Senner Lesequelle - Stukenbrock-Senne<\/title>\n<meta name=\"robots\" content=\"index, follow, max-snippet:-1, max-image-preview:large, max-video-preview:-1\" \/>\n<link rel=\"canonical\" href=\"https:\/\/www.stukenbrock-senne.de\/wordpress\/?page_id=4109\" \/>\n<meta property=\"og:locale\" content=\"de_DE\" \/>\n<meta property=\"og:type\" content=\"article\" \/>\n<meta property=\"og:title\" content=\"Senner Lesequelle - Stukenbrock-Senne\" \/>\n<meta property=\"og:description\" content=\"Im Pfarrheim an der St. Achatius-Kirche k\u00f6nnen in der \u00f6ffentlichen B\u00fccherei &#8222;Senner Lesequelle&#8220; Spiele und aktuelle B\u00fccher f\u00fcr Gro\u00df und Klein kostenlos ausgeliehen werden. Informationen zur B\u00fccherei und zum Medienbestand &hellip; Senner Lesequelle weiterlesen &rarr;\" \/>\n<meta property=\"og:url\" content=\"https:\/\/www.stukenbrock-senne.de\/wordpress\/?page_id=4109\" \/>\n<meta property=\"og:site_name\" content=\"Stukenbrock-Senne\" \/>\n<meta property=\"article:modified_time\" content=\"2026-04-02T21:54:08+00:00\" \/>\n<meta property=\"og:image\" content=\"https:\/\/www.stukenbrock-senne.de\/wordpress\/wp-content\/uploads\/2026\/04\/hitskids26q2.jpg\" \/>\n<meta name=\"twitter:card\" content=\"summary_large_image\" \/>\n<meta name=\"twitter:label1\" content=\"Gesch\u00e4tzte Lesezeit\" \/>\n\t<meta name=\"twitter:data1\" content=\"1\u00a0Minute\" \/>\n<script type=\"application\/ld+json\" class=\"yoast-schema-graph\">{\"@context\":\"https:\\\/\\\/schema.org\",\"@graph\":[{\"@type\":\"WebPage\",\"@id\":\"https:\\\/\\\/www.stukenbrock-senne.de\\\/wordpress\\\/?page_id=4109\",\"url\":\"https:\\\/\\\/www.stukenbrock-senne.de\\\/wordpress\\\/?page_id=4109\",\"name\":\"Senner Lesequelle - Stukenbrock-Senne\",\"isPartOf\":{\"@id\":\"https:\\\/\\\/www.stukenbrock-senne.de\\\/wordpress\\\/#website\"},\"primaryImageOfPage\":{\"@id\":\"https:\\\/\\\/www.stukenbrock-senne.de\\\/wordpress\\\/?page_id=4109#primaryimage\"},\"image\":{\"@id\":\"https:\\\/\\\/www.stukenbrock-senne.de\\\/wordpress\\\/?page_id=4109#primaryimage\"},\"thumbnailUrl\":\"https:\\\/\\\/www.stukenbrock-senne.de\\\/wordpress\\\/wp-content\\\/uploads\\\/2026\\\/04\\\/hitskids26q2.jpg\",\"datePublished\":\"2020-12-12T06:12:22+00:00\",\"dateModified\":\"2026-04-02T21:54:08+00:00\",\"breadcrumb\":{\"@id\":\"https:\\\/\\\/www.stukenbrock-senne.de\\\/wordpress\\\/?page_id=4109#breadcrumb\"},\"inLanguage\":\"de\",\"potentialAction\":[{\"@type\":\"ReadAction\",\"target\":[\"https:\\\/\\\/www.stukenbrock-senne.de\\\/wordpress\\\/?page_id=4109\"]}]},{\"@type\":\"ImageObject\",\"inLanguage\":\"de\",\"@id\":\"https:\\\/\\\/www.stukenbrock-senne.de\\\/wordpress\\\/?page_id=4109#primaryimage\",\"url\":\"https:\\\/\\\/www.stukenbrock-senne.de\\\/wordpress\\\/wp-content\\\/uploads\\\/2026\\\/04\\\/hitskids26q2.jpg\",\"contentUrl\":\"https:\\\/\\\/www.stukenbrock-senne.de\\\/wordpress\\\/wp-content\\\/uploads\\\/2026\\\/04\\\/hitskids26q2.jpg\",\"width\":653,\"height\":904},{\"@type\":\"BreadcrumbList\",\"@id\":\"https:\\\/\\\/www.stukenbrock-senne.de\\\/wordpress\\\/?page_id=4109#breadcrumb\",\"itemListElement\":[{\"@type\":\"ListItem\",\"position\":1,\"name\":\"Startseite\",\"item\":\"https:\\\/\\\/www.stukenbrock-senne.de\\\/wordpress\\\/\"},{\"@type\":\"ListItem\",\"position\":2,\"name\":\"Dorfleben\",\"item\":\"https:\\\/\\\/www.stukenbrock-senne.de\\\/wordpress\\\/?page_id=46\"},{\"@type\":\"ListItem\",\"position\":3,\"name\":\"Senner Lesequelle\"}]},{\"@type\":\"WebSite\",\"@id\":\"https:\\\/\\\/www.stukenbrock-senne.de\\\/wordpress\\\/#website\",\"url\":\"https:\\\/\\\/www.stukenbrock-senne.de\\\/wordpress\\\/\",\"name\":\"Stukenbrock-Senne\",\"description\":\"Naturerlebnis Sennelandschaft und Emsquellen\",\"potentialAction\":[{\"@type\":\"SearchAction\",\"target\":{\"@type\":\"EntryPoint\",\"urlTemplate\":\"https:\\\/\\\/www.stukenbrock-senne.de\\\/wordpress\\\/?s={search_term_string}\"},\"query-input\":{\"@type\":\"PropertyValueSpecification\",\"valueRequired\":true,\"valueName\":\"search_term_string\"}}],\"inLanguage\":\"de\"}]}<\/script>\n<!-- \/ Yoast SEO plugin. -->","yoast_head_json":{"title":"Senner Lesequelle - Stukenbrock-Senne","robots":{"index":"index","follow":"follow","max-snippet":"max-snippet:-1","max-image-preview":"max-image-preview:large","max-video-preview":"max-video-preview:-1"},"canonical":"https:\/\/www.stukenbrock-senne.de\/wordpress\/?page_id=4109","og_locale":"de_DE","og_type":"article","og_title":"Senner Lesequelle - Stukenbrock-Senne","og_description":"Im Pfarrheim an der St. Achatius-Kirche k\u00f6nnen in der \u00f6ffentlichen B\u00fccherei &#8222;Senner Lesequelle&#8220; Spiele und aktuelle B\u00fccher f\u00fcr Gro\u00df und Klein kostenlos ausgeliehen werden. Informationen zur B\u00fccherei und zum Medienbestand &hellip; Senner Lesequelle weiterlesen &rarr;","og_url":"https:\/\/www.stukenbrock-senne.de\/wordpress\/?page_id=4109","og_site_name":"Stukenbrock-Senne","article_modified_time":"2026-04-02T21:54:08+00:00","og_image":[{"url":"https:\/\/www.stukenbrock-senne.de\/wordpress\/wp-content\/uploads\/2026\/04\/hitskids26q2.jpg","type":"","width":"","height":""}],"twitter_card":"summary_large_image","twitter_misc":{"Gesch\u00e4tzte Lesezeit":"1\u00a0Minute"},"schema":{"@context":"https:\/\/schema.org","@graph":[{"@type":"WebPage","@id":"https:\/\/www.stukenbrock-senne.de\/wordpress\/?page_id=4109","url":"https:\/\/www.stukenbrock-senne.de\/wordpress\/?page_id=4109","name":"Senner Lesequelle - Stukenbrock-Senne","isPartOf":{"@id":"https:\/\/www.stukenbrock-senne.de\/wordpress\/#website"},"primaryImageOfPage":{"@id":"https:\/\/www.stukenbrock-senne.de\/wordpress\/?page_id=4109#primaryimage"},"image":{"@id":"https:\/\/www.stukenbrock-senne.de\/wordpress\/?page_id=4109#primaryimage"},"thumbnailUrl":"https:\/\/www.stukenbrock-senne.de\/wordpress\/wp-content\/uploads\/2026\/04\/hitskids26q2.jpg","datePublished":"2020-12-12T06:12:22+00:00","dateModified":"2026-04-02T21:54:08+00:00","breadcrumb":{"@id":"https:\/\/www.stukenbrock-senne.de\/wordpress\/?page_id=4109#breadcrumb"},"inLanguage":"de","potentialAction":[{"@type":"ReadAction","target":["https:\/\/www.stukenbrock-senne.de\/wordpress\/?page_id=4109"]}]},{"@type":"ImageObject","inLanguage":"de","@id":"https:\/\/www.stukenbrock-senne.de\/wordpress\/?page_id=4109#primaryimage","url":"https:\/\/www.stukenbrock-senne.de\/wordpress\/wp-content\/uploads\/2026\/04\/hitskids26q2.jpg","contentUrl":"https:\/\/www.stukenbrock-senne.de\/wordpress\/wp-content\/uploads\/2026\/04\/hitskids26q2.jpg","width":653,"height":904},{"@type":"BreadcrumbList","@id":"https:\/\/www.stukenbrock-senne.de\/wordpress\/?page_id=4109#breadcrumb","itemListElement":[{"@type":"ListItem","position":1,"name":"Startseite","item":"https:\/\/www.stukenbrock-senne.de\/wordpress\/"},{"@type":"ListItem","position":2,"name":"Dorfleben","item":"https:\/\/www.stukenbrock-senne.de\/wordpress\/?page_id=46"},{"@type":"ListItem","position":3,"name":"Senner Lesequelle"}]},{"@type":"WebSite","@id":"https:\/\/www.stukenbrock-senne.de\/wordpress\/#website","url":"https:\/\/www.stukenbrock-senne.de\/wordpress\/","name":"Stukenbrock-Senne","description":"Naturerlebnis Sennelandschaft und Emsquellen","potentialAction":[{"@type":"SearchAction","target":{"@type":"EntryPoint","urlTemplate":"https:\/\/www.stukenbrock-senne.de\/wordpress\/?s={search_term_string}"},"query-input":{"@type":"PropertyValueSpecification","valueRequired":true,"valueName":"search_term_string"}}],"inLanguage":"de"}]}},"_links":{"self":[{"href":"https:\/\/www.stukenbrock-senne.de\/wordpress\/index.php?rest_route=\/wp\/v2\/pages\/4109","targetHints":{"allow":["GET"]}}],"collection":[{"href":"https:\/\/www.stukenbrock-senne.de\/wordpress\/index.php?rest_route=\/wp\/v2\/pages"}],"about":[{"href":"https:\/\/www.stukenbrock-senne.de\/wordpress\/index.php?rest_route=\/wp\/v2\/types\/page"}],"author":[{"embeddable":true,"href":"https:\/\/www.stukenbrock-senne.de\/wordpress\/index.php?rest_route=\/wp\/v2\/users\/1"}],"replies":[{"embeddable":true,"href":"https:\/\/www.stukenbrock-senne.de\/wordpress\/index.php?rest_route=%2Fwp%2Fv2%2Fcomments&post=4109"}],"version-history":[{"count":64,"href":"https:\/\/www.stukenbrock-senne.de\/wordpress\/index.php?rest_route=\/wp\/v2\/pages\/4109\/revisions"}],"predecessor-version":[{"id":8302,"href":"https:\/\/www.stukenbrock-senne.de\/wordpress\/index.php?rest_route=\/wp\/v2\/pages\/4109\/revisions\/8302"}],"up":[{"embeddable":true,"href":"https:\/\/www.stukenbrock-senne.de\/wordpress\/index.php?rest_route=\/wp\/v2\/pages\/46"}],"wp:attachment":[{"href":"https:\/\/www.stukenbrock-senne.de\/wordpress\/index.php?rest_route=%2Fwp%2Fv2%2Fmedia&parent=4109"}],"curies":[{"name":"wp","href":"https:\/\/api.w.org\/{rel}","templated":true}]}}