{"id":198,"date":"2015-01-28T01:42:15","date_gmt":"2015-01-27T23:42:15","guid":{"rendered":"http:\/\/www.stukenbrock-senne.de\/wordpress\/?page_id=198"},"modified":"2019-09-11T03:59:30","modified_gmt":"2019-09-11T02:59:30","slug":"inlineskating","status":"publish","type":"page","link":"https:\/\/www.stukenbrock-senne.de\/wordpress\/?page_id=198","title":{"rendered":"Projekte"},"content":{"rendered":"<p><a href=\"http:\/\/www.stukenbrock-senne.de\/wordpress\/wp-content\/uploads\/2017\/08\/strahl0809.jpg\"><img loading=\"lazy\" decoding=\"async\" class=\"alignnone size-full wp-image-970\" src=\"http:\/\/www.stukenbrock-senne.de\/wordpress\/wp-content\/uploads\/2017\/08\/strahl0809.jpg\" alt=\"\" width=\"1606\" height=\"191\" srcset=\"https:\/\/www.stukenbrock-senne.de\/wordpress\/wp-content\/uploads\/2017\/08\/strahl0809.jpg 1606w, https:\/\/www.stukenbrock-senne.de\/wordpress\/wp-content\/uploads\/2017\/08\/strahl0809-300x36.jpg 300w, https:\/\/www.stukenbrock-senne.de\/wordpress\/wp-content\/uploads\/2017\/08\/strahl0809-768x91.jpg 768w, https:\/\/www.stukenbrock-senne.de\/wordpress\/wp-content\/uploads\/2017\/08\/strahl0809-1024x122.jpg 1024w\" sizes=\"auto, (max-width: 1606px) 100vw, 1606px\" \/><\/a><br \/>\n<a href=\"http:\/\/www.stukenbrock-senne.de\/wordpress\/wp-content\/uploads\/2017\/08\/strahl10.jpg\"><img loading=\"lazy\" decoding=\"async\" class=\"alignnone size-full wp-image-965\" src=\"http:\/\/www.stukenbrock-senne.de\/wordpress\/wp-content\/uploads\/2017\/08\/strahl10.jpg\" alt=\"\" width=\"1651\" height=\"192\" srcset=\"https:\/\/www.stukenbrock-senne.de\/wordpress\/wp-content\/uploads\/2017\/08\/strahl10.jpg 1651w, https:\/\/www.stukenbrock-senne.de\/wordpress\/wp-content\/uploads\/2017\/08\/strahl10-300x35.jpg 300w, https:\/\/www.stukenbrock-senne.de\/wordpress\/wp-content\/uploads\/2017\/08\/strahl10-768x89.jpg 768w, https:\/\/www.stukenbrock-senne.de\/wordpress\/wp-content\/uploads\/2017\/08\/strahl10-1024x119.jpg 1024w\" sizes=\"auto, (max-width: 1651px) 100vw, 1651px\" \/><\/a><br \/>\n<a href=\"http:\/\/www.stukenbrock-senne.de\/wordpress\/wp-content\/uploads\/2017\/08\/strahl11.jpg\"><img loading=\"lazy\" decoding=\"async\" class=\"alignnone size-full wp-image-966\" src=\"http:\/\/www.stukenbrock-senne.de\/wordpress\/wp-content\/uploads\/2017\/08\/strahl11.jpg\" alt=\"\" width=\"1338\" height=\"225\" \/><\/a><br \/>\n<a href=\"http:\/\/www.stukenbrock-senne.de\/wordpress\/wp-content\/uploads\/2017\/08\/strahl12.jpg\"><img loading=\"lazy\" decoding=\"async\" class=\"alignnone size-full wp-image-967\" src=\"http:\/\/www.stukenbrock-senne.de\/wordpress\/wp-content\/uploads\/2017\/08\/strahl12.jpg\" alt=\"\" width=\"1887\" height=\"218\" srcset=\"https:\/\/www.stukenbrock-senne.de\/wordpress\/wp-content\/uploads\/2017\/08\/strahl12.jpg 1887w, https:\/\/www.stukenbrock-senne.de\/wordpress\/wp-content\/uploads\/2017\/08\/strahl12-300x35.jpg 300w, https:\/\/www.stukenbrock-senne.de\/wordpress\/wp-content\/uploads\/2017\/08\/strahl12-768x89.jpg 768w, https:\/\/www.stukenbrock-senne.de\/wordpress\/wp-content\/uploads\/2017\/08\/strahl12-1024x118.jpg 1024w\" sizes=\"auto, (max-width: 1887px) 100vw, 1887px\" \/><\/a><br \/>\n<a href=\"http:\/\/www.stukenbrock-senne.de\/wordpress\/wp-content\/uploads\/2017\/08\/strahl13.jpg\"><img loading=\"lazy\" decoding=\"async\" class=\"alignnone size-full wp-image-968\" src=\"http:\/\/www.stukenbrock-senne.de\/wordpress\/wp-content\/uploads\/2017\/08\/strahl13.jpg\" alt=\"\" width=\"1792\" height=\"226\" srcset=\"https:\/\/www.stukenbrock-senne.de\/wordpress\/wp-content\/uploads\/2017\/08\/strahl13.jpg 1792w, https:\/\/www.stukenbrock-senne.de\/wordpress\/wp-content\/uploads\/2017\/08\/strahl13-300x38.jpg 300w, https:\/\/www.stukenbrock-senne.de\/wordpress\/wp-content\/uploads\/2017\/08\/strahl13-768x97.jpg 768w, https:\/\/www.stukenbrock-senne.de\/wordpress\/wp-content\/uploads\/2017\/08\/strahl13-1024x129.jpg 1024w\" sizes=\"auto, (max-width: 1792px) 100vw, 1792px\" \/><\/a><br \/>\n<a href=\"http:\/\/www.stukenbrock-senne.de\/wordpress\/wp-content\/uploads\/2017\/08\/strahl14.jpg\"><img loading=\"lazy\" decoding=\"async\" class=\"alignnone size-full wp-image-969\" src=\"http:\/\/www.stukenbrock-senne.de\/wordpress\/wp-content\/uploads\/2017\/08\/strahl14.jpg\" alt=\"\" width=\"1592\" height=\"218\" srcset=\"https:\/\/www.stukenbrock-senne.de\/wordpress\/wp-content\/uploads\/2017\/08\/strahl14.jpg 1592w, https:\/\/www.stukenbrock-senne.de\/wordpress\/wp-content\/uploads\/2017\/08\/strahl14-300x41.jpg 300w, https:\/\/www.stukenbrock-senne.de\/wordpress\/wp-content\/uploads\/2017\/08\/strahl14-768x105.jpg 768w, https:\/\/www.stukenbrock-senne.de\/wordpress\/wp-content\/uploads\/2017\/08\/strahl14-1024x140.jpg 1024w\" sizes=\"auto, (max-width: 1592px) 100vw, 1592px\" \/><\/a><\/p>\n<p style=\"text-align: center;\">2015<br \/>\nBronzemedaille im Landeswettbewerb &#8222;Unser Dorf hat Zukunft&#8220;<\/p>\n<p style=\"text-align: center;\">2016<br \/>\nStellungnahme zum Gewerbegebiet, Renovierung und Erweiterung Sch\u00fctzenhaus<\/p>\n<p style=\"text-align: center;\">2017<br \/>\nEr\u00f6ffnung Dirt-Bahn am J\u00e4gergrund, Teilnahme am Kreiswettbewerb &#8222;Unser Dorf hat Zukunft&#8220;, Erarbeitung eines IKEK (Integriertes kommunales Entwicklungskonzept)<\/p>\n<p style=\"text-align: center;\">2018\n<\/p>\n<p style=\"text-align: center;\">2019<br \/>\nPlanung Freizeit- und Ged\u00e4chtnisbereich J\u00e4gergrund, WLAN-Hotspot Ems-Erlebniswelt, Verkehrsberuhigung Senner Stra\u00dfe<\/p>\n<p style=\"text-align: center;\">2020<br \/>\nBreitbandausbau VDSL und Breitbandausbau Glasfaser<\/p>\n","protected":false},"excerpt":{"rendered":"<p>2015 Bronzemedaille im Landeswettbewerb &#8222;Unser Dorf hat Zukunft&#8220; 2016 Stellungnahme zum Gewerbegebiet, Renovierung und Erweiterung Sch\u00fctzenhaus 2017 Er\u00f6ffnung Dirt-Bahn am J\u00e4gergrund, Teilnahme am Kreiswettbewerb &#8222;Unser Dorf hat Zukunft&#8220;, Erarbeitung eines &hellip; <a href=\"https:\/\/www.stukenbrock-senne.de\/wordpress\/?page_id=198\" class=\"more-link\"><span class=\"screen-reader-text\">Projekte<\/span> weiterlesen <span class=\"meta-nav\">&rarr;<\/span><\/a><\/p>\n","protected":false},"author":1,"featured_media":0,"parent":67,"menu_order":8,"comment_status":"closed","ping_status":"closed","template":"","meta":{"footnotes":""},"class_list":["post-198","page","type-page","status-publish","hentry"],"yoast_head":"<!-- This site is optimized with the Yoast SEO plugin v27.5 - https:\/\/yoast.com\/product\/yoast-seo-wordpress\/ -->\n<title>Projekte - Stukenbrock-Senne<\/title>\n<meta name=\"robots\" content=\"index, follow, max-snippet:-1, max-image-preview:large, max-video-preview:-1\" \/>\n<link rel=\"canonical\" href=\"https:\/\/www.stukenbrock-senne.de\/wordpress\/?page_id=198\" \/>\n<meta property=\"og:locale\" content=\"de_DE\" \/>\n<meta property=\"og:type\" content=\"article\" \/>\n<meta property=\"og:title\" content=\"Projekte - Stukenbrock-Senne\" \/>\n<meta property=\"og:description\" content=\"2015 Bronzemedaille im Landeswettbewerb &#8222;Unser Dorf hat Zukunft&#8220; 2016 Stellungnahme zum Gewerbegebiet, Renovierung und Erweiterung Sch\u00fctzenhaus 2017 Er\u00f6ffnung Dirt-Bahn am J\u00e4gergrund, Teilnahme am Kreiswettbewerb &#8222;Unser Dorf hat Zukunft&#8220;, Erarbeitung eines &hellip; Projekte weiterlesen &rarr;\" \/>\n<meta property=\"og:url\" content=\"https:\/\/www.stukenbrock-senne.de\/wordpress\/?page_id=198\" \/>\n<meta property=\"og:site_name\" content=\"Stukenbrock-Senne\" \/>\n<meta property=\"article:modified_time\" content=\"2019-09-11T02:59:30+00:00\" \/>\n<meta property=\"og:image\" content=\"http:\/\/www.stukenbrock-senne.de\/wordpress\/wp-content\/uploads\/2017\/08\/strahl0809.jpg\" \/>\n<meta name=\"twitter:card\" content=\"summary_large_image\" \/>\n<script type=\"application\/ld+json\" class=\"yoast-schema-graph\">{\"@context\":\"https:\\\/\\\/schema.org\",\"@graph\":[{\"@type\":\"WebPage\",\"@id\":\"https:\\\/\\\/www.stukenbrock-senne.de\\\/wordpress\\\/?page_id=198\",\"url\":\"https:\\\/\\\/www.stukenbrock-senne.de\\\/wordpress\\\/?page_id=198\",\"name\":\"Projekte - Stukenbrock-Senne\",\"isPartOf\":{\"@id\":\"https:\\\/\\\/www.stukenbrock-senne.de\\\/wordpress\\\/#website\"},\"primaryImageOfPage\":{\"@id\":\"https:\\\/\\\/www.stukenbrock-senne.de\\\/wordpress\\\/?page_id=198#primaryimage\"},\"image\":{\"@id\":\"https:\\\/\\\/www.stukenbrock-senne.de\\\/wordpress\\\/?page_id=198#primaryimage\"},\"thumbnailUrl\":\"http:\\\/\\\/www.stukenbrock-senne.de\\\/wordpress\\\/wp-content\\\/uploads\\\/2017\\\/08\\\/strahl0809.jpg\",\"datePublished\":\"2015-01-27T23:42:15+00:00\",\"dateModified\":\"2019-09-11T02:59:30+00:00\",\"breadcrumb\":{\"@id\":\"https:\\\/\\\/www.stukenbrock-senne.de\\\/wordpress\\\/?page_id=198#breadcrumb\"},\"inLanguage\":\"de\",\"potentialAction\":[{\"@type\":\"ReadAction\",\"target\":[\"https:\\\/\\\/www.stukenbrock-senne.de\\\/wordpress\\\/?page_id=198\"]}]},{\"@type\":\"ImageObject\",\"inLanguage\":\"de\",\"@id\":\"https:\\\/\\\/www.stukenbrock-senne.de\\\/wordpress\\\/?page_id=198#primaryimage\",\"url\":\"http:\\\/\\\/www.stukenbrock-senne.de\\\/wordpress\\\/wp-content\\\/uploads\\\/2017\\\/08\\\/strahl0809.jpg\",\"contentUrl\":\"http:\\\/\\\/www.stukenbrock-senne.de\\\/wordpress\\\/wp-content\\\/uploads\\\/2017\\\/08\\\/strahl0809.jpg\"},{\"@type\":\"BreadcrumbList\",\"@id\":\"https:\\\/\\\/www.stukenbrock-senne.de\\\/wordpress\\\/?page_id=198#breadcrumb\",\"itemListElement\":[{\"@type\":\"ListItem\",\"position\":1,\"name\":\"Startseite\",\"item\":\"https:\\\/\\\/www.stukenbrock-senne.de\\\/wordpress\\\/\"},{\"@type\":\"ListItem\",\"position\":2,\"name\":\"Dorfentwicklung\",\"item\":\"https:\\\/\\\/www.stukenbrock-senne.de\\\/wordpress\\\/?page_id=67\"},{\"@type\":\"ListItem\",\"position\":3,\"name\":\"Projekte\"}]},{\"@type\":\"WebSite\",\"@id\":\"https:\\\/\\\/www.stukenbrock-senne.de\\\/wordpress\\\/#website\",\"url\":\"https:\\\/\\\/www.stukenbrock-senne.de\\\/wordpress\\\/\",\"name\":\"Stukenbrock-Senne\",\"description\":\"Naturerlebnis Sennelandschaft und Emsquellen\",\"potentialAction\":[{\"@type\":\"SearchAction\",\"target\":{\"@type\":\"EntryPoint\",\"urlTemplate\":\"https:\\\/\\\/www.stukenbrock-senne.de\\\/wordpress\\\/?s={search_term_string}\"},\"query-input\":{\"@type\":\"PropertyValueSpecification\",\"valueRequired\":true,\"valueName\":\"search_term_string\"}}],\"inLanguage\":\"de\"}]}<\/script>\n<!-- \/ Yoast SEO plugin. -->","yoast_head_json":{"title":"Projekte - Stukenbrock-Senne","robots":{"index":"index","follow":"follow","max-snippet":"max-snippet:-1","max-image-preview":"max-image-preview:large","max-video-preview":"max-video-preview:-1"},"canonical":"https:\/\/www.stukenbrock-senne.de\/wordpress\/?page_id=198","og_locale":"de_DE","og_type":"article","og_title":"Projekte - Stukenbrock-Senne","og_description":"2015 Bronzemedaille im Landeswettbewerb &#8222;Unser Dorf hat Zukunft&#8220; 2016 Stellungnahme zum Gewerbegebiet, Renovierung und Erweiterung Sch\u00fctzenhaus 2017 Er\u00f6ffnung Dirt-Bahn am J\u00e4gergrund, Teilnahme am Kreiswettbewerb &#8222;Unser Dorf hat Zukunft&#8220;, Erarbeitung eines &hellip; Projekte weiterlesen &rarr;","og_url":"https:\/\/www.stukenbrock-senne.de\/wordpress\/?page_id=198","og_site_name":"Stukenbrock-Senne","article_modified_time":"2019-09-11T02:59:30+00:00","og_image":[{"url":"http:\/\/www.stukenbrock-senne.de\/wordpress\/wp-content\/uploads\/2017\/08\/strahl0809.jpg","type":"","width":"","height":""}],"twitter_card":"summary_large_image","schema":{"@context":"https:\/\/schema.org","@graph":[{"@type":"WebPage","@id":"https:\/\/www.stukenbrock-senne.de\/wordpress\/?page_id=198","url":"https:\/\/www.stukenbrock-senne.de\/wordpress\/?page_id=198","name":"Projekte - Stukenbrock-Senne","isPartOf":{"@id":"https:\/\/www.stukenbrock-senne.de\/wordpress\/#website"},"primaryImageOfPage":{"@id":"https:\/\/www.stukenbrock-senne.de\/wordpress\/?page_id=198#primaryimage"},"image":{"@id":"https:\/\/www.stukenbrock-senne.de\/wordpress\/?page_id=198#primaryimage"},"thumbnailUrl":"http:\/\/www.stukenbrock-senne.de\/wordpress\/wp-content\/uploads\/2017\/08\/strahl0809.jpg","datePublished":"2015-01-27T23:42:15+00:00","dateModified":"2019-09-11T02:59:30+00:00","breadcrumb":{"@id":"https:\/\/www.stukenbrock-senne.de\/wordpress\/?page_id=198#breadcrumb"},"inLanguage":"de","potentialAction":[{"@type":"ReadAction","target":["https:\/\/www.stukenbrock-senne.de\/wordpress\/?page_id=198"]}]},{"@type":"ImageObject","inLanguage":"de","@id":"https:\/\/www.stukenbrock-senne.de\/wordpress\/?page_id=198#primaryimage","url":"http:\/\/www.stukenbrock-senne.de\/wordpress\/wp-content\/uploads\/2017\/08\/strahl0809.jpg","contentUrl":"http:\/\/www.stukenbrock-senne.de\/wordpress\/wp-content\/uploads\/2017\/08\/strahl0809.jpg"},{"@type":"BreadcrumbList","@id":"https:\/\/www.stukenbrock-senne.de\/wordpress\/?page_id=198#breadcrumb","itemListElement":[{"@type":"ListItem","position":1,"name":"Startseite","item":"https:\/\/www.stukenbrock-senne.de\/wordpress\/"},{"@type":"ListItem","position":2,"name":"Dorfentwicklung","item":"https:\/\/www.stukenbrock-senne.de\/wordpress\/?page_id=67"},{"@type":"ListItem","position":3,"name":"Projekte"}]},{"@type":"WebSite","@id":"https:\/\/www.stukenbrock-senne.de\/wordpress\/#website","url":"https:\/\/www.stukenbrock-senne.de\/wordpress\/","name":"Stukenbrock-Senne","description":"Naturerlebnis Sennelandschaft und Emsquellen","potentialAction":[{"@type":"SearchAction","target":{"@type":"EntryPoint","urlTemplate":"https:\/\/www.stukenbrock-senne.de\/wordpress\/?s={search_term_string}"},"query-input":{"@type":"PropertyValueSpecification","valueRequired":true,"valueName":"search_term_string"}}],"inLanguage":"de"}]}},"_links":{"self":[{"href":"https:\/\/www.stukenbrock-senne.de\/wordpress\/index.php?rest_route=\/wp\/v2\/pages\/198","targetHints":{"allow":["GET"]}}],"collection":[{"href":"https:\/\/www.stukenbrock-senne.de\/wordpress\/index.php?rest_route=\/wp\/v2\/pages"}],"about":[{"href":"https:\/\/www.stukenbrock-senne.de\/wordpress\/index.php?rest_route=\/wp\/v2\/types\/page"}],"author":[{"embeddable":true,"href":"https:\/\/www.stukenbrock-senne.de\/wordpress\/index.php?rest_route=\/wp\/v2\/users\/1"}],"replies":[{"embeddable":true,"href":"https:\/\/www.stukenbrock-senne.de\/wordpress\/index.php?rest_route=%2Fwp%2Fv2%2Fcomments&post=198"}],"version-history":[{"count":17,"href":"https:\/\/www.stukenbrock-senne.de\/wordpress\/index.php?rest_route=\/wp\/v2\/pages\/198\/revisions"}],"predecessor-version":[{"id":3016,"href":"https:\/\/www.stukenbrock-senne.de\/wordpress\/index.php?rest_route=\/wp\/v2\/pages\/198\/revisions\/3016"}],"up":[{"embeddable":true,"href":"https:\/\/www.stukenbrock-senne.de\/wordpress\/index.php?rest_route=\/wp\/v2\/pages\/67"}],"wp:attachment":[{"href":"https:\/\/www.stukenbrock-senne.de\/wordpress\/index.php?rest_route=%2Fwp%2Fv2%2Fmedia&parent=198"}],"curies":[{"name":"wp","href":"https:\/\/api.w.org\/{rel}","templated":true}]}}