{"id":1010,"date":"2017-08-25T00:53:42","date_gmt":"2017-08-24T22:53:42","guid":{"rendered":"http:\/\/www.stukenbrock-senne.de\/?page_id=1010"},"modified":"2024-02-18T16:19:37","modified_gmt":"2024-02-18T15:19:37","slug":"polizeischule","status":"publish","type":"page","link":"https:\/\/www.stukenbrock-senne.de\/wordpress\/?page_id=1010","title":{"rendered":"Polizeischule"},"content":{"rendered":"<h3>Regonales Trainingszentrum f\u00fcr Ostwestfalen-Lippe<\/h3>\n<p><a href=\"https:\/\/www.hermanns.de\/referenzen\/detail?tx_hermannstemplate_list%5Baction%5D=detail&#038;tx_hermannstemplate_list%5Bcontroller%5D=Referenz&#038;tx_hermannstemplate_list%5Blist%5D=38&#038;tx_hermannstemplate_list%5Breferenz%5D=106&#038;cHash=7a5db4b745c92f8093d9be132653a772\" target=\"_blank\" rel=\"noopener noreferrer\">Baubeschreibung des bauausf\u00fchrenden Unternehmens<\/a><br \/>\n<a href=\"https:\/\/rkw.plus\/de\/projekt\/lafp-nrw-trainingszentrum-zur-polizeiausbildung\/\" target=\"_blank\" rel=\"noopener noreferrer\">Beschreibung des Architekturb\u00fcros<\/a><br \/>\n<a href=\"http:\/\/www.stukenbrock-senne.de\/wordpress\/?tag=trainingszentrum\">Presseberichte zur Er\u00f6ffnung im November 2012<\/a><\/p>\n<h3>Autobahnpolizei<\/h3>\n<p><a href=\"https:\/\/bielefeld.polizei.nrw\/medien\/autobahnpolizeiwache-stukenbrocksenne\" target=\"_blank\" rel=\"noopener noreferrer\">Kontaktdaten auf bielefeld.poilzei.nrw<\/a><br \/>\n<a href=\"https:\/\/bielefeld.polizei.nrw\/artikel\/autobahnwache-stukenbrock-senne-hat-einen-neuen-leiter\" target=\"_blank\" rel=\"noopener noreferrer\">Autobahnwache Stukenbrock-Senne hat einen neuen Leiter<\/a><br \/>\n<a href=\"https:\/\/polizei.nrw\/artikel\/21-tuerchen-autobahnpolizei-schloss-holte-stukenbrock\" target=\"_blank\" rel=\"noopener noreferrer\">21. T\u00fcrchen: Autobahnpolizei Schlo\u00df Holte-Stukenbrock<\/a><\/p>\n<p><body style=\"background-image:url(https:\/\/psv-stukenbrock-senne.de\/wp-content\/uploads\/2017\/05\/psv-bg-drohne.jpg)\"><\/p>\n","protected":false},"excerpt":{"rendered":"<p>Regonales Trainingszentrum f\u00fcr Ostwestfalen-Lippe Baubeschreibung des bauausf\u00fchrenden Unternehmens Beschreibung des Architekturb\u00fcros Presseberichte zur Er\u00f6ffnung im November 2012 Autobahnpolizei Kontaktdaten auf bielefeld.poilzei.nrw Autobahnwache Stukenbrock-Senne hat einen neuen Leiter 21. T\u00fcrchen: Autobahnpolizei &hellip; <a href=\"https:\/\/www.stukenbrock-senne.de\/wordpress\/?page_id=1010\" class=\"more-link\"><span class=\"screen-reader-text\">Polizeischule<\/span> weiterlesen <span class=\"meta-nav\">&rarr;<\/span><\/a><\/p>\n","protected":false},"author":1,"featured_media":0,"parent":54,"menu_order":0,"comment_status":"closed","ping_status":"closed","template":"","meta":{"footnotes":""},"class_list":["post-1010","page","type-page","status-publish","hentry"],"yoast_head":"<!-- This site is optimized with the Yoast SEO plugin v27.5 - https:\/\/yoast.com\/product\/yoast-seo-wordpress\/ -->\n<title>Polizeischule - Stukenbrock-Senne<\/title>\n<meta name=\"robots\" content=\"index, follow, max-snippet:-1, max-image-preview:large, max-video-preview:-1\" \/>\n<link rel=\"canonical\" href=\"https:\/\/www.stukenbrock-senne.de\/wordpress\/?page_id=1010\" \/>\n<meta property=\"og:locale\" content=\"de_DE\" \/>\n<meta property=\"og:type\" content=\"article\" \/>\n<meta property=\"og:title\" content=\"Polizeischule - Stukenbrock-Senne\" \/>\n<meta property=\"og:description\" content=\"Regonales Trainingszentrum f\u00fcr Ostwestfalen-Lippe Baubeschreibung des bauausf\u00fchrenden Unternehmens Beschreibung des Architekturb\u00fcros Presseberichte zur Er\u00f6ffnung im November 2012 Autobahnpolizei Kontaktdaten auf bielefeld.poilzei.nrw Autobahnwache Stukenbrock-Senne hat einen neuen Leiter 21. T\u00fcrchen: Autobahnpolizei &hellip; Polizeischule weiterlesen &rarr;\" \/>\n<meta property=\"og:url\" content=\"https:\/\/www.stukenbrock-senne.de\/wordpress\/?page_id=1010\" \/>\n<meta property=\"og:site_name\" content=\"Stukenbrock-Senne\" \/>\n<meta property=\"article:modified_time\" content=\"2024-02-18T15:19:37+00:00\" \/>\n<meta name=\"twitter:card\" content=\"summary_large_image\" \/>\n<meta name=\"twitter:label1\" content=\"Gesch\u00e4tzte Lesezeit\" \/>\n\t<meta name=\"twitter:data1\" content=\"1\u00a0Minute\" \/>\n<script type=\"application\/ld+json\" class=\"yoast-schema-graph\">{\"@context\":\"https:\\\/\\\/schema.org\",\"@graph\":[{\"@type\":\"WebPage\",\"@id\":\"https:\\\/\\\/www.stukenbrock-senne.de\\\/wordpress\\\/?page_id=1010\",\"url\":\"https:\\\/\\\/www.stukenbrock-senne.de\\\/wordpress\\\/?page_id=1010\",\"name\":\"Polizeischule - Stukenbrock-Senne\",\"isPartOf\":{\"@id\":\"https:\\\/\\\/www.stukenbrock-senne.de\\\/wordpress\\\/#website\"},\"datePublished\":\"2017-08-24T22:53:42+00:00\",\"dateModified\":\"2024-02-18T15:19:37+00:00\",\"breadcrumb\":{\"@id\":\"https:\\\/\\\/www.stukenbrock-senne.de\\\/wordpress\\\/?page_id=1010#breadcrumb\"},\"inLanguage\":\"de\",\"potentialAction\":[{\"@type\":\"ReadAction\",\"target\":[\"https:\\\/\\\/www.stukenbrock-senne.de\\\/wordpress\\\/?page_id=1010\"]}]},{\"@type\":\"BreadcrumbList\",\"@id\":\"https:\\\/\\\/www.stukenbrock-senne.de\\\/wordpress\\\/?page_id=1010#breadcrumb\",\"itemListElement\":[{\"@type\":\"ListItem\",\"position\":1,\"name\":\"Startseite\",\"item\":\"https:\\\/\\\/www.stukenbrock-senne.de\\\/wordpress\\\/\"},{\"@type\":\"ListItem\",\"position\":2,\"name\":\"Ortsinfos\",\"item\":\"https:\\\/\\\/www.stukenbrock-senne.de\\\/wordpress\\\/?page_id=54\"},{\"@type\":\"ListItem\",\"position\":3,\"name\":\"Polizeischule\"}]},{\"@type\":\"WebSite\",\"@id\":\"https:\\\/\\\/www.stukenbrock-senne.de\\\/wordpress\\\/#website\",\"url\":\"https:\\\/\\\/www.stukenbrock-senne.de\\\/wordpress\\\/\",\"name\":\"Stukenbrock-Senne\",\"description\":\"Naturerlebnis Sennelandschaft und Emsquellen\",\"potentialAction\":[{\"@type\":\"SearchAction\",\"target\":{\"@type\":\"EntryPoint\",\"urlTemplate\":\"https:\\\/\\\/www.stukenbrock-senne.de\\\/wordpress\\\/?s={search_term_string}\"},\"query-input\":{\"@type\":\"PropertyValueSpecification\",\"valueRequired\":true,\"valueName\":\"search_term_string\"}}],\"inLanguage\":\"de\"}]}<\/script>\n<!-- \/ Yoast SEO plugin. -->","yoast_head_json":{"title":"Polizeischule - Stukenbrock-Senne","robots":{"index":"index","follow":"follow","max-snippet":"max-snippet:-1","max-image-preview":"max-image-preview:large","max-video-preview":"max-video-preview:-1"},"canonical":"https:\/\/www.stukenbrock-senne.de\/wordpress\/?page_id=1010","og_locale":"de_DE","og_type":"article","og_title":"Polizeischule - Stukenbrock-Senne","og_description":"Regonales Trainingszentrum f\u00fcr Ostwestfalen-Lippe Baubeschreibung des bauausf\u00fchrenden Unternehmens Beschreibung des Architekturb\u00fcros Presseberichte zur Er\u00f6ffnung im November 2012 Autobahnpolizei Kontaktdaten auf bielefeld.poilzei.nrw Autobahnwache Stukenbrock-Senne hat einen neuen Leiter 21. T\u00fcrchen: Autobahnpolizei &hellip; Polizeischule weiterlesen &rarr;","og_url":"https:\/\/www.stukenbrock-senne.de\/wordpress\/?page_id=1010","og_site_name":"Stukenbrock-Senne","article_modified_time":"2024-02-18T15:19:37+00:00","twitter_card":"summary_large_image","twitter_misc":{"Gesch\u00e4tzte Lesezeit":"1\u00a0Minute"},"schema":{"@context":"https:\/\/schema.org","@graph":[{"@type":"WebPage","@id":"https:\/\/www.stukenbrock-senne.de\/wordpress\/?page_id=1010","url":"https:\/\/www.stukenbrock-senne.de\/wordpress\/?page_id=1010","name":"Polizeischule - Stukenbrock-Senne","isPartOf":{"@id":"https:\/\/www.stukenbrock-senne.de\/wordpress\/#website"},"datePublished":"2017-08-24T22:53:42+00:00","dateModified":"2024-02-18T15:19:37+00:00","breadcrumb":{"@id":"https:\/\/www.stukenbrock-senne.de\/wordpress\/?page_id=1010#breadcrumb"},"inLanguage":"de","potentialAction":[{"@type":"ReadAction","target":["https:\/\/www.stukenbrock-senne.de\/wordpress\/?page_id=1010"]}]},{"@type":"BreadcrumbList","@id":"https:\/\/www.stukenbrock-senne.de\/wordpress\/?page_id=1010#breadcrumb","itemListElement":[{"@type":"ListItem","position":1,"name":"Startseite","item":"https:\/\/www.stukenbrock-senne.de\/wordpress\/"},{"@type":"ListItem","position":2,"name":"Ortsinfos","item":"https:\/\/www.stukenbrock-senne.de\/wordpress\/?page_id=54"},{"@type":"ListItem","position":3,"name":"Polizeischule"}]},{"@type":"WebSite","@id":"https:\/\/www.stukenbrock-senne.de\/wordpress\/#website","url":"https:\/\/www.stukenbrock-senne.de\/wordpress\/","name":"Stukenbrock-Senne","description":"Naturerlebnis Sennelandschaft und Emsquellen","potentialAction":[{"@type":"SearchAction","target":{"@type":"EntryPoint","urlTemplate":"https:\/\/www.stukenbrock-senne.de\/wordpress\/?s={search_term_string}"},"query-input":{"@type":"PropertyValueSpecification","valueRequired":true,"valueName":"search_term_string"}}],"inLanguage":"de"}]}},"_links":{"self":[{"href":"https:\/\/www.stukenbrock-senne.de\/wordpress\/index.php?rest_route=\/wp\/v2\/pages\/1010","targetHints":{"allow":["GET"]}}],"collection":[{"href":"https:\/\/www.stukenbrock-senne.de\/wordpress\/index.php?rest_route=\/wp\/v2\/pages"}],"about":[{"href":"https:\/\/www.stukenbrock-senne.de\/wordpress\/index.php?rest_route=\/wp\/v2\/types\/page"}],"author":[{"embeddable":true,"href":"https:\/\/www.stukenbrock-senne.de\/wordpress\/index.php?rest_route=\/wp\/v2\/users\/1"}],"replies":[{"embeddable":true,"href":"https:\/\/www.stukenbrock-senne.de\/wordpress\/index.php?rest_route=%2Fwp%2Fv2%2Fcomments&post=1010"}],"version-history":[{"count":17,"href":"https:\/\/www.stukenbrock-senne.de\/wordpress\/index.php?rest_route=\/wp\/v2\/pages\/1010\/revisions"}],"predecessor-version":[{"id":6815,"href":"https:\/\/www.stukenbrock-senne.de\/wordpress\/index.php?rest_route=\/wp\/v2\/pages\/1010\/revisions\/6815"}],"up":[{"embeddable":true,"href":"https:\/\/www.stukenbrock-senne.de\/wordpress\/index.php?rest_route=\/wp\/v2\/pages\/54"}],"wp:attachment":[{"href":"https:\/\/www.stukenbrock-senne.de\/wordpress\/index.php?rest_route=%2Fwp%2Fv2%2Fmedia&parent=1010"}],"curies":[{"name":"wp","href":"https:\/\/api.w.org\/{rel}","templated":true}]}}